{"id":37,"date":"2023-11-28T12:04:24","date_gmt":"2023-11-28T12:04:24","guid":{"rendered":"https:\/\/eifelkanaltechnik.com\/?page_id=37"},"modified":"2025-06-10T15:30:55","modified_gmt":"2025-06-10T14:30:55","slug":"startseite","status":"publish","type":"page","link":"https:\/\/eifelkanaltechnik.com\/","title":{"rendered":"Startseite"},"content":{"rendered":"<p>Fachm\u00e4nnische Kanaldienstleistungen \t\t<\/p>\n<h1>Experten f\u00fcrKanalreinigung und<svg xmlns=\"http:\/\/www.w3.org\/2000\/svg\" viewBox=\"0 0 500 150\" preserveAspectRatio=\"none\"><path  d=\"M6.5,75.5s25-29,50,0,50,0,50,0,25-32,50,0,50-1,50-1,25-30,50,1,50,0,50,0,27-28,50,0,50,0,50,0,26-25,50,0,36,7,36,7\" transform=\"translate(-3.09 -56.78)\"\/><\/svg>Rohrinspektion<\/h1>\n<p>Eifel-Kanal-Technik und die bieten professionelle Dienstleistungen wie Kanalreinigung, Rohrreinigung und TV-Kanalinspektionen in Deutschland an, einschlie\u00dflich eines 24-Stunden-Notdienstes.<\/p>\n<p>\t\t\t<a href=\"#con\"><br \/>\n\t\t\t\t\t\tLos Geht&#8217;s<br \/>\n\t\t\t\t\t<\/a><\/p>\n<h2>Zertifiziertes Unternehmen<\/h2>\n<p>Wir sind ein zertifiziertes Unternehmen, dem Sie vertrauen k\u00f6nnen.<\/p>\n<p>                    <a href=\"#con\"   >Mehr Erfahren<\/a><\/p>\n<h2>Professionelles Personal<\/h2>\n<p>Wir sind stolz auf unser professionelles Personal, das Ihre Probleme effizient l\u00f6st.<\/p>\n<p>                    <a href=\"#con\"   >Mehr Erfahren<\/a><\/p>\n<h2>Schneller Ablauf<\/h2>\n<p>Bei uns erhalten Sie schnelle L\u00f6sungen f\u00fcr Ihre Kanal- und Rohrprobleme.<\/p>\n<p>                    <a href=\"#con\"   >Mehr Erfahren<\/a><\/p>\n<style>\/*! elementor - v3.17.0 - 08-11-2023 *\/\n.elementor-widget-image{text-align:center}.elementor-widget-image a{display:inline-block}.elementor-widget-image a img[src$=\".svg\"]{width:48px}.elementor-widget-image img{vertical-align:middle;display:inline-block}<\/style>\n<p>\t\t\t\t\t\t\t\t\t\t\t\t<img decoding=\"async\" src=\"https:\/\/eifelkanaltechnik.com\/wp-content\/uploads\/elementor\/thumbs\/man-fixing-kitchen-sink-qdxtsq8r5kblmti5f0vd4oqfhs35b89sz3fdn9yy2e-qg0wst8wirr3fk30jz8asbx620xh7gm9le2nzxtc74.webp\" title=\"man-fixing-kitchen-sink-qdxtsq8r5kblmti5f0vd4oqfhs35b89sz3fdn9yy2e\" alt=\"man-fixing-kitchen-sink-qdxtsq8r5kblmti5f0vd4oqfhs35b89sz3fdn9yy2e\" loading=\"lazy\" \/><br \/>\n\t\t\t\t\t\t\t\t\t\t\t\t\t\t\t<img decoding=\"async\" src=\"https:\/\/eifelkanaltechnik.com\/wp-content\/uploads\/elementor\/thumbs\/plumbing-professional-doing-his-job-3-qdxtsjnwk1c49rfm9wq4kvyij489yj0bewrrdqh79c-qg0wst8x930mbrqxcfxg7zhh9266cn2we3zg2cbtvk.webp\" title=\"plumbing-professional-doing-his-job-3-qdxtsjnwk1c49rfm9wq4kvyij489yj0bewrrdqh79c\" alt=\"plumbing-professional-doing-his-job-3-qdxtsjnwk1c49rfm9wq4kvyij489yj0bewrrdqh79c\" loading=\"lazy\" \/><br \/>\n        0<br \/>\n        <sup>+<\/sup><\/p>\n<h2>Jahrelange Erfahrungen<\/h2>\n<p>\t\t\u00dcber Uns \t\t<\/p>\n<style>\/*! elementor - v3.17.0 - 08-11-2023 *\/\n.elementor-heading-title{padding:0;margin:0;line-height:1}.elementor-widget-heading .elementor-heading-title[class*=elementor-size-]>a{color:inherit;font-size:inherit;line-height:inherit}.elementor-widget-heading .elementor-heading-title.elementor-size-small{font-size:15px}.elementor-widget-heading .elementor-heading-title.elementor-size-medium{font-size:19px}.elementor-widget-heading .elementor-heading-title.elementor-size-large{font-size:29px}.elementor-widget-heading .elementor-heading-title.elementor-size-xl{font-size:39px}.elementor-widget-heading .elementor-heading-title.elementor-size-xxl{font-size:59px}<\/style>\n<h2>Geschichte und Philosophie unseres Unternehmens<\/h2>\n<p>\t\tIn unserem Unternehmen verbinden wir Fachkompetenz und Engagement. Seit unserer Gr\u00fcndung streben wir nach h\u00f6chster Qualit\u00e4t und Zuverl\u00e4ssigkeit. Erfahren Sie mehr \u00fcber unsere Unternehmensgeschichte und Philosophie.\n\t\t\t<link rel=\"stylesheet\" href=\"https:\/\/eifelkanaltechnik.com\/wp-content\/plugins\/elementor\/assets\/css\/widget-icon-list.min.css\">\n<ul>\n<li>\n\t\t\t\t\t\t\t\t\t\t Qualit\u00e4tsservice\n\t\t\t\t\t\t\t\t\t<\/li>\n<li>\n\t\t\t\t\t\t\t\t\t\tErfahrenes Team\n\t\t\t\t\t\t\t\t\t<\/li>\n<li>\n\t\t\t\t\t\t\t\t\t\tZertifizierte Dienstleistungen\n\t\t\t\t\t\t\t\t\t<\/li>\n<li>\n\t\t\t\t\t\t\t\t\t\tSchnelle Reaktion\n\t\t\t\t\t\t\t\t\t<\/li>\n<\/ul>\n<ul>\n<li>\n\t\t\t\t\t\t\t\t\t\tModernes Equipment\n\t\t\t\t\t\t\t\t\t<\/li>\n<li>\n\t\t\t\t\t\t\t\t\t\t24\/7 Notdienst\n\t\t\t\t\t\t\t\t\t<\/li>\n<li>\n\t\t\t\t\t\t\t\t\t\tUmweltfreundliche Methoden\n\t\t\t\t\t\t\t\t\t<\/li>\n<li>\n\t\t\t\t\t\t\t\t\t\tZuverl\u00e4ssiger Kundendienst\n\t\t\t\t\t\t\t\t\t<\/li>\n<\/ul>\n<p>\t\t\t<a href=\"#con\"><br \/>\n\t\t\t\t\t\tMehr \u00dcber Uns<br \/>\n\t\t\t\t\t<\/a><\/p>\n<style>\/*! elementor - v3.17.0 - 08-11-2023 *\/\n.elementor-column .elementor-spacer-inner{height:var(--spacer-size)}.e-con{--container-widget-width:100%}.e-con-inner>.elementor-widget-spacer,.e-con>.elementor-widget-spacer{width:var(--container-widget-width,var(--spacer-size));--align-self:var(--container-widget-align-self,initial);--flex-shrink:0}.e-con-inner>.elementor-widget-spacer>.elementor-widget-container,.e-con>.elementor-widget-spacer>.elementor-widget-container{height:100%;width:100%}.e-con-inner>.elementor-widget-spacer>.elementor-widget-container>.elementor-spacer,.e-con>.elementor-widget-spacer>.elementor-widget-container>.elementor-spacer{height:100%}.e-con-inner>.elementor-widget-spacer>.elementor-widget-container>.elementor-spacer>.elementor-spacer-inner,.e-con>.elementor-widget-spacer>.elementor-widget-container>.elementor-spacer>.elementor-spacer-inner{height:var(--container-widget-height,var(--spacer-size))}.e-con-inner>.elementor-widget-spacer.elementor-widget-empty,.e-con>.elementor-widget-spacer.elementor-widget-empty{position:relative;min-height:22px;min-width:22px}.e-con-inner>.elementor-widget-spacer.elementor-widget-empty .elementor-widget-empty-icon,.e-con>.elementor-widget-spacer.elementor-widget-empty .elementor-widget-empty-icon{position:absolute;top:0;bottom:0;left:0;right:0;margin:auto;padding:0;width:22px;height:22px}<\/style>\n<h5>Warum Uns W\u00e4hlen<\/h5>\n<h2>Unsere \u00dcberlegenen Vorteile<br \/>\n<\/h2>\n<p>Unsere Firma bietet branchenf\u00fchrende Kanal- und Rohrreinigungsdienstleistungen. Mit zertifizierten Fachleuten, modernster Technologie und schnellem Service sind wir die kluge Wahl f\u00fcr Ihre Anforderungen.<\/p>\n<p>            0%<br \/>\n            <canvas height=\"100\" width=\"100\"><\/canvas><br \/>\n            <canvas height=\"100\" width=\"100\"><\/canvas><\/p>\n<h2>Kundenzufriedenheit<\/h2>\n<p>Wir sind stolz auf unsere hohe Kundenzufriedenheit und erstklassigen Service.\n<\/p>\n<p>            0%<br \/>\n            <canvas height=\"100\" width=\"100\"><\/canvas><br \/>\n            <canvas height=\"100\" width=\"100\"><\/canvas><\/p>\n<h2>Wiederholungskunden<\/h2>\n<p>Unsere Kundenzufriedenheit ist so hoch, dass wir stolz darauf sind, dass 90% unserer Kunden wiederholt unsere Dienste in Anspruch nehmen.<\/p>\n<p>\t\t\t<a href=\"#con\"><br \/>\n\t\t\t\t\t\tKonsultation Starten<br \/>\n\t\t\t\t\t<\/a><br \/>\n\t\tUnsere Leistungen\t\t<\/p>\n<h2>Was Wir Anbieten<br \/>\n<\/h2>\n<p>Unsere Dienstleistungen umfassen Kanal- und Rohrreinigung, Abflussreinigung und Notdienst. Wir bieten schnelle, zuverl\u00e4ssige L\u00f6sungen f\u00fcr alle Ihre sanit\u00e4ren Probleme.<\/p>\n<p>\t\t\t\t\t\t\t\t\t\t\t\t\t\t\t<img decoding=\"async\" src=\"https:\/\/eifelkanaltechnik.com\/wp-content\/uploads\/elementor\/thumbs\/plumbing-professional-doing-his-job-2-qdxtsgudqrgdp9vpjh3us018xw6ogk75bqkx7cid60-qg0wsrd8mn662w5ngipszlbo97zy2ddgn2g3dk8ao0.webp\" title=\"plumbing-professional-doing-his-job-2-qdxtsgudqrgdp9vpjh3us018xw6ogk75bqkx7cid60\" alt=\"plumbing-professional-doing-his-job-2-qdxtsgudqrgdp9vpjh3us018xw6ogk75bqkx7cid60\" loading=\"lazy\" \/>\t\t\t\t\t\t\t\t\t\t\t\t\t\t\t<\/p>\n<h2>Kanalreinigung<\/h2>\n<p>Beseitigt Verstopfungen und Ablagerungen effizient.<\/p>\n<p>                    <a href=\"#con\"   >Mehr Erfahren<\/a><br \/>\n\t\t\t\t\t\t\t\t\t\t\t\t\t\t\t<img decoding=\"async\" src=\"https:\/\/eifelkanaltechnik.com\/wp-content\/uploads\/elementor\/thumbs\/man-adjusting-water-tap-with-wrench-qdxu19lzpxi0dv3l5s14ma3l4qtdik4ovafjxlgox4-qg0wsrd8mn662w5ngipszlbo97zy2ddgn2g3dk8ao0.webp\" title=\"man-adjusting-water-tap-with-wrench-qdxu19lzpxi0dv3l5s14ma3l4qtdik4ovafjxlgox4\" alt=\"man-adjusting-water-tap-with-wrench-qdxu19lzpxi0dv3l5s14ma3l4qtdik4ovafjxlgox4\" loading=\"lazy\" \/>\t\t\t\t\t\t\t\t\t\t\t\t\t\t\t<\/p>\n<h2>Rohrreinigung<\/h2>\n<p>Sorgt f\u00fcr saubere, funktionierende Rohrsysteme.<\/p>\n<p>                    <a href=\"#con\"   >Mehr Erfahren<\/a><br \/>\n\t\t\t\t\t\t\t\t\t\t\t\t\t\t\t<img decoding=\"async\" src=\"https:\/\/eifelkanaltechnik.com\/wp-content\/uploads\/elementor\/thumbs\/smiling-showing-okay-gesture-young-cleaning-guy-wearing-uniform-cap-holding-wall-clock-qdxun9zxr9mq954lmsjmi855wkbsreiew8dvhutt7s-qg0wsqfeft4vra70m0b6f3k7nu4kuo9qaxslwa9ou8.webp\" title=\"smiling-showing-okay-gesture-young-cleaning-guy-wearing-uniform-cap-holding-wall-clock-qdxun9zxr9mq954lmsjmi855wkbsreiew8dvhutt7s\" alt=\"smiling-showing-okay-gesture-young-cleaning-guy-wearing-uniform-cap-holding-wall-clock-qdxun9zxr9mq954lmsjmi855wkbsreiew8dvhutt7s\" loading=\"lazy\" \/>\t\t\t\t\t\t\t\t\t\t\t\t\t\t\t<\/p>\n<h2>Notdienst<\/h2>\n<p>Notdienst rund um die Uhr verf\u00fcgbar.<\/p>\n<p>                    <a href=\"#con\"   >Mehr Erfahren<\/a><br \/>\n\t\tUnser Prozess<\/p>\n<h2>So Funktionieren Wir<br \/>\n<\/h2>\n<p>\t\tUnser Arbeitsablauf ist systematisch und effizient. Wir analysieren, reinigen und inspizieren Kan\u00e4le und Rohre gr\u00fcndlich, um Probleme zu l\u00f6sen und vorzubeugen.<br \/>\n\t\t\t01\t\t<\/p>\n<h3>Termin vereinbaren<\/h3>\n<p>Kontaktieren Sie uns f\u00fcr einen Termin nach Ihren Anforderungen.<\/p>\n<h3>Arbeitsablauf<\/h3>\n<p>Unser Systematischer Ansatz garantiert effiziente Probleml\u00f6sungen.<\/p>\n<h2>02<\/h2>\n<h3>Zahlungsablauf<\/h3>\n<p>Transparente, faire Preise f\u00fcr unsere Dienstleistungen.<\/p>\n<h2>03<\/h2>\n<p>\t\tUnser Zeugnis<\/p>\n<h2>Erfahrungsberichte von Kunden<br \/>\n<\/h2>\n<p>\t\tUnsere Kunden sind unser bester Botschafter. Lesen Sie, was sie \u00fcber unsere Dienstleistungen sagen und erfahren Sie aus erster Hand von ihren positiven Erfahrungen.\t\t<\/p>\n<p>Die Eifel-Kanal-Technik hat uns exzellent geholfen. Ihr Team ist kompetent und zuvorkommend. Schnelle Kanalreinigung und gro\u00dfartiger Notdienst. Sehr zufrieden!<\/p>\n<ul><\/ul>\n<p>                    <strong>Franz Weber<\/strong><\/p>\n<p>Kunde<\/p>\n<p>Die Menke Gruppe war fantastisch. Ihre Fachleute waren professionell und l\u00f6sungsorientiert. Wir empfehlen sie f\u00fcr Rohr- und Kanalreinigung.<\/p>\n<ul><\/ul>\n<p>                    <strong>Sabine M\u00fcller<\/strong><\/p>\n<p>Kunde<\/p>\n<p>ifel-Kanal-Technik bietet ausgezeichnete Dienstleistungen. Ihr Notdienst war rasch zur Stelle. Freundliches Personal und gr\u00fcndliche Kanalreinigung. Sehr empfehlenswert!<\/p>\n<ul><\/ul>\n<p>                    <strong>Max Schmidt<\/strong><\/p>\n<p>Kunde<\/p>\n<h5>Kontakt<\/h5>\n<h2>Kontakt Aufnehmen<\/h2>\n<p>Kontaktieren Sie uns bei Fragen oder f\u00fcr Terminvereinbarungen. Unsere freundlichen Mitarbeiter stehen Ihnen zur Verf\u00fcgung, um Ihre Anliegen zu besprechen.<\/p>\n<h4>Adresse<\/h4>\n<p>Werner-von-Siemens-Stra\u00dfe 1 a, 54634 Bitburg<\/p>\n<h4>Telefon<\/h4>\n<p>0178-6945170<br \/>\n06561-9469530<\/p>\n<h4>Email<\/h4>\n<p>abflussdienst24@gmail.com<\/p>\n","protected":false},"excerpt":{"rendered":"<p>Fachm\u00e4nnische Kanaldienstleistungen Experten f\u00fcrKanalreinigung undRohrinspektion Eifel-Kanal-Technik und die bieten professionelle Dienstleistungen wie Kanalreinigung, Rohrreinigung und TV-Kanalinspektionen in Deutschland an, einschlie\u00dflich eines 24-Stunden-Notdienstes. Los Geht&#8217;s Zertifiziertes Unternehmen Wir sind ein zertifiziertes Unternehmen, dem Sie vertrauen k\u00f6nnen. Mehr Erfahren Professionelles Personal Wir sind stolz auf unser professionelles Personal, das Ihre Probleme effizient l\u00f6st. Mehr Erfahren Schneller Ablauf [&hellip;]<\/p>\n","protected":false},"author":1,"featured_media":0,"parent":0,"menu_order":0,"comment_status":"closed","ping_status":"closed","template":"","meta":{"footnotes":""},"_links":{"self":[{"href":"https:\/\/eifelkanaltechnik.com\/index.php\/wp-json\/wp\/v2\/pages\/37"}],"collection":[{"href":"https:\/\/eifelkanaltechnik.com\/index.php\/wp-json\/wp\/v2\/pages"}],"about":[{"href":"https:\/\/eifelkanaltechnik.com\/index.php\/wp-json\/wp\/v2\/types\/page"}],"author":[{"embeddable":true,"href":"https:\/\/eifelkanaltechnik.com\/index.php\/wp-json\/wp\/v2\/users\/1"}],"replies":[{"embeddable":true,"href":"https:\/\/eifelkanaltechnik.com\/index.php\/wp-json\/wp\/v2\/comments?post=37"}],"version-history":[{"count":25,"href":"https:\/\/eifelkanaltechnik.com\/index.php\/wp-json\/wp\/v2\/pages\/37\/revisions"}],"predecessor-version":[{"id":96,"href":"https:\/\/eifelkanaltechnik.com\/index.php\/wp-json\/wp\/v2\/pages\/37\/revisions\/96"}],"wp:attachment":[{"href":"https:\/\/eifelkanaltechnik.com\/index.php\/wp-json\/wp\/v2\/media?parent=37"}],"curies":[{"name":"wp","href":"https:\/\/api.w.org\/{rel}","templated":true}]}}